{"id":127,"date":"2025-05-13T11:08:29","date_gmt":"2025-05-13T11:08:29","guid":{"rendered":"https:\/\/joel.teamcraft.app\/?page_id=127"},"modified":"2025-05-19T08:19:29","modified_gmt":"2025-05-19T08:19:29","slug":"freizeitparks","status":"publish","type":"page","link":"https:\/\/joel.teamcraft.app\/?page_id=127","title":{"rendered":"FREIZEITPARKS"},"content":{"rendered":"\n<div class=\"wp-block-group is-layout-flow wp-block-group-is-layout-flow\">\n<h3><strong>\ud83c\udfa1 WUNDERLAND DEUTSCHLAND<\/strong><\/h3>\n\n\n\n<p>&nbsp;<\/p>\n<p><strong>\u2705\u00a0 Bessere Einsatzplanung<\/strong><\/p>\n<blockquote><p>\u201eMit TeamCraft planen wir flexibel und sorgen daf\u00fcr, dass alle Bereiche jederzeit besetzt sind \u2013 auch in Sto\u00dfzeiten.\u201c<\/p><\/blockquote>\n<p><strong>\u2705\u00a0 Terminals vor Ort<\/strong><\/p>\n<blockquote><p>\u201eTeamCraft-Terminals an mehreren Orten bieten einfachen Zugriff auf Schichten und erm\u00f6glichen digitales Ein- und Ausstempeln.\u201c<\/p><\/blockquote>\n<p><strong>\u2705\u00a0 Schnelle Kommunikation<\/strong><\/p>\n<blockquote><p>\u201eKurzfristige \u00c4nderungen l\u00f6sen wir schnell und rechtssicher \u2013 dank datenschutzkonformer Verarbeitung von Kontaktinformationen.\u201c<\/p><\/blockquote>\n<p><strong>\u2705\u00a0 Weniger Ausf\u00e4lle<\/strong><\/p>\n<blockquote><p>\u201eTeamCraft gleicht Ausf\u00e4lle schnell aus und verbessert so Organisation, Teamzufriedenheit und G\u00e4steerlebnis.\u201c<\/p><\/blockquote>\n<h3 class=\"\" data-start=\"1194\" data-end=\"1232\"><strong>\u2705\u00a0<\/strong> Mehr \u00dcbersicht und Effizienz<\/h3>\n<blockquote><p>\u201e<span style=\"letter-spacing: -0.1px; font-size: 20.5715px;\">Schichten und \u00c4nderungen <\/span><span style=\"letter-spacing: -0.1px; font-size: 20.5715px;\">behalten wir zentral im Blick \u2013 das spart Zeit und minimiert Fehler.\u201c<\/span><\/p><\/blockquote>\n<h3 class=\"\" data-start=\"1194\" data-end=\"1232\"><strong>\u2705\u00a0 <\/strong>Schnelle Kommunikation<\/h3>\n<blockquote><p>\u201eTeamCraft erleichtert die Kommunikation im gesamten Team &#8211; schnell, direkt und ohne Zusatzaufwand.\u201c<\/p><\/blockquote>\n<h3 class=\"\" data-start=\"1194\" data-end=\"1232\"><strong>\u2705\u00a0<\/strong> Kontrolle<\/h3>\n<blockquote><p>\u201eDank der Kartenfunktion sehen wir auf einen Blick, an welchem Standort Mitarbeitende gerade im Einsatz sind.\u201c<\/p><\/blockquote>\n\n\n\n<p>&nbsp;<\/p>\n<p>\u201eDank TeamCraft hat sich unsere Einsatzplanung grundlegend verbessert und uns dabei geholfen, alle Kioske und Servicebereiche stets zuverl\u00e4ssig zu besetzen. Besonders in der Hochsaison, wenn der Betrieb auf Hochtouren l\u00e4uft, war es fr\u00fcher eine Herausforderung, alle Arbeitskr\u00e4fte effizient einzuplanen.\u201c<\/p>\n<p>\u201eHeute k\u00f6nnen wir Schichtpl\u00e4ne flexibel anpassen und haben jederzeit eine klare \u00dcbersicht \u00fcber die Verf\u00fcgbarkeit unserer Mitarbeitenden.\u201c<\/p>\n<p>\u201eZus\u00e4tzlich haben wir an einigen Standorten Terminals aufgestellt, um unser Personal direkt vor Ort in die Planung einzubinden. Diese Terminals erm\u00f6glichen es den Mitarbeitenden, ihre Schichten zu pr\u00fcfen, sich ein- und auszustempeln oder bei Bedarf \u00c4nderungen vorzunehmen \u2013 alles in Echtzeit. TeamCraft erleichtert uns die Kommunikation im gesamten Team: Informationen zu Schichten, \u00c4nderungen oder Vertretungen erreichen alle Beteiligten schnell, direkt und ohne Umwege.\u201c<\/p>\n<p>\u201eF\u00fcr mehr \u00dcbersicht sorgt au\u00dferdem die integrierte Kartenfunktion. Auf einen Blick sehen wir, an welchem Standort sich Mitarbeitende \u2013 zum Beispiel an Kiosken oder Buden \u2013 gerade im Einsatz befinden. Ein Pin auf der Karte markiert den aktuellen Einsatzort.\u201c<\/p>\n<p>\u201eWenn es eine unerwartete \u00c4nderung gibt, k\u00f6nnen wir sofort die richtigen Personen kontaktieren. Durch die datenschutzkonforme Verarbeitung der Kontaktinformationen geschieht das schnell, sicher und im Einklang mit allen Vorgaben.\u201c<\/p>\n<p class=\"\" data-start=\"1757\" data-end=\"2001\">Fazit: \u201eWeniger Stress in der Planung, bessere \u00dcbersicht und ein reibungsloserer Ablauf im gesamten Parkbetrieb. TeamCraft hat uns geholfen, die Effizienz zu steigern und gleichzeitig die Zufriedenheit unseres Teams und der G\u00e4ste zu erh\u00f6hen.\u201c<\/p>\n<\/div>\n\n\n\n<p><\/p>\n","protected":false},"excerpt":{"rendered":"<p>\ud83c\udfa1 WUNDERLAND DEUTSCHLAND &nbsp; \u2705\u00a0 Bessere Einsatzplanung \u201eMit TeamCraft planen wir flexibel und sorgen daf\u00fcr, dass alle Bereiche jederzeit besetzt sind \u2013 auch in Sto\u00dfzeiten.\u201c \u2705\u00a0 Terminals vor Ort \u201eTeamCraft-Terminals an mehreren Orten bieten einfachen Zugriff auf Schichten und erm\u00f6glichen digitales Ein- und Ausstempeln.\u201c \u2705\u00a0 Schnelle Kommunikation \u201eKurzfristige \u00c4nderungen l\u00f6sen wir schnell und rechtssicher \u2013 [&hellip;]<\/p>\n","protected":false},"author":1,"featured_media":0,"parent":0,"menu_order":0,"comment_status":"closed","ping_status":"closed","template":"","meta":{"footnotes":""},"class_list":["post-127","page","type-page","status-publish","hentry"],"_links":{"self":[{"href":"https:\/\/joel.teamcraft.app\/index.php?rest_route=\/wp\/v2\/pages\/127","targetHints":{"allow":["GET"]}}],"collection":[{"href":"https:\/\/joel.teamcraft.app\/index.php?rest_route=\/wp\/v2\/pages"}],"about":[{"href":"https:\/\/joel.teamcraft.app\/index.php?rest_route=\/wp\/v2\/types\/page"}],"author":[{"embeddable":true,"href":"https:\/\/joel.teamcraft.app\/index.php?rest_route=\/wp\/v2\/users\/1"}],"replies":[{"embeddable":true,"href":"https:\/\/joel.teamcraft.app\/index.php?rest_route=%2Fwp%2Fv2%2Fcomments&post=127"}],"version-history":[{"count":87,"href":"https:\/\/joel.teamcraft.app\/index.php?rest_route=\/wp\/v2\/pages\/127\/revisions"}],"predecessor-version":[{"id":230,"href":"https:\/\/joel.teamcraft.app\/index.php?rest_route=\/wp\/v2\/pages\/127\/revisions\/230"}],"wp:attachment":[{"href":"https:\/\/joel.teamcraft.app\/index.php?rest_route=%2Fwp%2Fv2%2Fmedia&parent=127"}],"curies":[{"name":"wp","href":"https:\/\/api.w.org\/{rel}","templated":true}]}}